{"id":8,"date":"2026-02-10T20:53:18","date_gmt":"2026-02-10T20:53:18","guid":{"rendered":"https:\/\/cityllantashn.aapm.opalstacked.com\/?page_id=8"},"modified":"2026-03-12T09:08:36","modified_gmt":"2026-03-12T15:08:36","slug":"8-2","status":"publish","type":"page","link":"https:\/\/cityllantashn.com\/","title":{"rendered":""},"content":{"rendered":"<p>[et_pb_section fb_built=\u00bb1&#8243; admin_label=\u00bbllanta_todo_terreno\u00bb _builder_version=\u00bb4.18.1&#8243; _module_preset=\u00bbdefault\u00bb background_color=\u00bb#050505&#8243; background_image=\u00bbhttps:\/\/cityllantashn.aapm.opalstacked.com\/wp-content\/uploads\/2026\/02\/landing.jpg\u00bb background_blend=\u00bboverlay\u00bb min_height=\u00bb489.9px\u00bb custom_padding=\u00bb0px||0px||false|false\u00bb filter_opacity=\u00bb83%\u00bb mix_blend_mode=\u00bboverlay\u00bb bottom_divider_style=\u00bbcurve2&#8243; bottom_divider_color=\u00bb#7CDA24&#8243; global_colors_info=\u00bb{}\u00bb][et_pb_row admin_label=\u00bbRow\u00bb _builder_version=\u00bb4.18.1&#8243; _module_preset=\u00bbdefault\u00bb background_image=\u00bbhttps:\/\/cityllantashn.aapm.opalstacked.com\/wp-content\/uploads\/2026\/02\/landing.jpg\u00bb width=\u00bb100%\u00bb max_width=\u00bb2560px\u00bb min_height=\u00bb180.9px\u00bb custom_margin=\u00bb|auto|-31px|auto||\u00bb custom_padding=\u00bb||241px|||\u00bb box_shadow_style=\u00bbpreset2&#8243; global_colors_info=\u00bb{}\u00bb][et_pb_column type=\u00bb4_4&#8243; _builder_version=\u00bb4.18.1&#8243; _module_preset=\u00bbdefault\u00bb global_colors_info=\u00bb{}\u00bb][et_pb_text admin_label=\u00bbText\u00bb _builder_version=\u00bb4.18.1&#8243; _module_preset=\u00bbdefault\u00bb text_font=\u00bbArchitects Daughter||||||||\u00bb text_text_color=\u00bb#FFFFFF\u00bb header_text_align=\u00bbleft\u00bb header_text_color=\u00bb#050505&#8243; header_font_size=\u00bb47px\u00bb header_2_text_align=\u00bbcenter\u00bb header_2_text_color=\u00bb#525252&#8243; header_2_font_size=\u00bb68px\u00bb header_2_letter_spacing=\u00bb18px\u00bb width=\u00bb100%\u00bb custom_padding=\u00bb|||50px|false|false\u00bb header_2_text_align_tablet=\u00bbcenter\u00bb header_2_text_align_phone=\u00bbcenter\u00bb header_2_text_align_last_edited=\u00bbon|phone\u00bb header_2_font_size_tablet=\u00bb68px\u00bb header_2_font_size_phone=\u00bb28px\u00bb header_2_font_size_last_edited=\u00bbon|phone\u00bb header_2_text_shadow_style=\u00bbpreset2&#8243; header_2_text_shadow_color=\u00bb#242424&#8243; global_colors_info=\u00bb{}\u00bb]<\/p>\n<h2 style=\"text-align: left;\"><span style=\"color: #f2f2f2;\"><strong><span dir=\"auto\" style=\"vertical-align: inherit;\"><span dir=\"auto\" style=\"vertical-align: inherit;\">City Llantas<\/span><\/span><\/strong><\/span><\/h2>\n<p>&nbsp;<\/p>\n<p>[\/et_pb_text][\/et_pb_column][\/et_pb_row][\/et_pb_section][et_pb_section fb_built=\u00bb1&#8243; _builder_version=\u00bb4.18.1&#8243; _module_preset=\u00bbdefault\u00bb min_height=\u00bb497.5px\u00bb custom_margin=\u00bb-24px|||||\u00bb custom_padding=\u00bb0px|||||\u00bb global_colors_info=\u00bb{}\u00bb][et_pb_row column_structure=\u00bb1_2,1_2&#8243; _builder_version=\u00bb4.18.1&#8243; _module_preset=\u00bbdefault\u00bb custom_margin=\u00bb-10px|auto||auto|false|false\u00bb global_colors_info=\u00bb{}\u00bb][et_pb_column type=\u00bb1_2&#8243; _builder_version=\u00bb4.18.1&#8243; _module_preset=\u00bbdefault\u00bb global_colors_info=\u00bb{}\u00bb][et_pb_image src=\u00bbhttps:\/\/cityllantashn.com\/wp-content\/uploads\/2026\/03\/Truck.jpg\u00bb alt=\u00bbCiudad\u00bb title_text=\u00bbTruck\u00bb show_bottom_space_tablet=\u00bb\u00bb show_bottom_space_phone=\u00bb\u00bb show_bottom_space_last_edited=\u00bbon|phone\u00bb _builder_version=\u00bb4.18.1&#8243; _module_preset=\u00bbdefault\u00bb custom_margin=\u00bb-85px||||false|false\u00bb custom_padding=\u00bb0px||||false|false\u00bb scroll_vertical_motion=\u00bb0|68|68|100|0|2|-2&#8243; scroll_horizontal_motion=\u00bb0|50|50|100|1|0|-1&#8243; sticky_position_tablet=\u00bb\u00bb sticky_position_phone=\u00bb\u00bb sticky_position_last_edited=\u00bbon|phone\u00bb scroll_vertical_motion_last_edited=\u00bboff|phone\u00bb box_shadow_style=\u00bbpreset2&#8243; box_shadow_blur=\u00bb20px\u00bb box_shadow_spread=\u00bb-5px\u00bb box_shadow_color=\u00bb#000000&#8243; global_colors_info=\u00bb{}\u00bb][\/et_pb_image][et_pb_image src=\u00bbhttps:\/\/cityllantashn.com\/wp-content\/uploads\/2026\/03\/MudTerrain.jpg\u00bb title_text=\u00bbMudTerrain\u00bb _builder_version=\u00bb4.18.1&#8243; _module_preset=\u00bbdefault\u00bb global_colors_info=\u00bb{}\u00bb][\/et_pb_image][et_pb_image src=\u00bbhttps:\/\/cityllantashn.com\/wp-content\/uploads\/2026\/03\/High-Performance.jpg\u00bb title_text=\u00bbHigh Performance\u00bb _builder_version=\u00bb4.18.1&#8243; _module_preset=\u00bbdefault\u00bb global_colors_info=\u00bb{}\u00bb][\/et_pb_image][\/et_pb_column][et_pb_column type=\u00bb1_2&#8243; _builder_version=\u00bb4.18.1&#8243; _module_preset=\u00bbdefault\u00bb global_colors_info=\u00bb{}\u00bb][et_pb_text admin_label=\u00bbText\u00bb _builder_version=\u00bb4.18.1&#8243; _module_preset=\u00bbdefault\u00bb custom_margin=\u00bb85px||||false|false\u00bb hover_enabled=\u00bb0&#8243; global_colors_info=\u00bb{}\u00bb custom_margin_last_edited=\u00bbon|phone\u00bb custom_margin_phone=\u00bb-6px||||false|false\u00bb sticky_enabled=\u00bb0&#8243; custom_margin_tablet=\u00bb85px||||false|false\u00bb]<\/p>\n<h2><span class=\"hover:entity-accent entity-underline inline cursor-pointer align-baseline\"><span class=\"whitespace-normal\">PARA TODO LOS SECTORES<\/span><\/span><\/h2>\n<p data-start=\"302\" data-end=\"505\" style=\"text-align: justify;\">Para el transporte pesado y de carga llantas fabricadas para soportar grandes pesos y recorridos extensos, ofreciendo resistencia, durabilidad y seguridad en operaciones continuas.<\/p>\n<p data-start=\"507\" data-end=\"732\" style=\"text-align: justify;\">Los conductores que recorren rutas exigentes pueden optar por llantas todo terreno y para SUV, dise\u00f1adas para brindar m\u00e1xima tracci\u00f3n, estabilidad y confort tanto en ciudad como en caminos irregulares o superficies dif\u00edciles.<\/p>\n<p data-start=\"734\" data-end=\"947\" style=\"text-align: justify;\">En el uso diario urbano, las llantas para veh\u00edculos liviano priorizan el ahorro de combustible, una conducci\u00f3n silenciosa y un excelente agarre en pavimento, garantizando seguridad y comodidad en cada trayecto.<\/p>\n<p>[\/et_pb_text][et_pb_button button_url=\u00bbhttps:\/\/cityllantashn.com\/?page_id=80&#8243; button_text=\u00bbConoce m\u00e1s sobre nosotros\u00bb _builder_version=\u00bb4.18.1&#8243; _module_preset=\u00bbdefault\u00bb button_bg_color=\u00bb#AADB24&#8243; button_border_color=\u00bb#dae66b\u00bb hover_enabled=\u00bb0&#8243; global_colors_info=\u00bb{}\u00bb sticky_enabled=\u00bb0&#8243;][\/et_pb_button][\/et_pb_column][\/et_pb_row][\/et_pb_section][et_pb_section fb_built=\u00bb1&#8243; next_background_color=\u00bb#ffffff\u00bb _builder_version=\u00bb4.18.1&#8243; _module_preset=\u00bbdefault\u00bb background_color=\u00bb#17743b\u00bb custom_padding=\u00bb||0px|||\u00bb bottom_divider_style=\u00bbarrow2&#8243; global_colors_info=\u00bb{}\u00bb][et_pb_row _builder_version=\u00bb4.18.1&#8243; _module_preset=\u00bbdefault\u00bb global_colors_info=\u00bb{}\u00bb][et_pb_column type=\u00bb4_4&#8243; _builder_version=\u00bb4.18.1&#8243; _module_preset=\u00bbdefault\u00bb global_colors_info=\u00bb{}\u00bb][et_pb_text _builder_version=\u00bb4.18.1&#8243; _module_preset=\u00bbdefault\u00bb header_2_text_color=\u00bb#F8F8F8&#8243; header_3_text_color=\u00bb#FFFFFF\u00bb animation_style=\u00bbfold\u00bb global_colors_info=\u00bb{}\u00bb]<\/p>\n<h2 style=\"text-align: center;\">SERVICIOS<\/h2>\n<p>[\/et_pb_text][\/et_pb_column][\/et_pb_row][\/et_pb_section][et_pb_section fb_built=\u00bb1&#8243; _builder_version=\u00bb4.18.1&#8243; _module_preset=\u00bbdefault\u00bb custom_padding=\u00bb0px||0px||false|false\u00bb global_colors_info=\u00bb{}\u00bb][et_pb_row column_structure=\u00bb1_3,1_3,1_3&#8243; use_custom_gutter=\u00bbon\u00bb gutter_width=\u00bb1&#8243; _builder_version=\u00bb4.18.1&#8243; _module_preset=\u00bbdefault\u00bb width=\u00bb100%\u00bb max_width=\u00bb2560px\u00bb custom_padding=\u00bb0px||0px||false|false\u00bb global_colors_info=\u00bb{}\u00bb transform_styles__hover_enabled=\u00bbon|hover\u00bb transform_scale__hover_enabled=\u00bbon|hover\u00bb transform_translate__hover_enabled=\u00bbon|desktop\u00bb transform_rotate__hover_enabled=\u00bbon|desktop\u00bb transform_skew__hover_enabled=\u00bbon|desktop\u00bb transform_origin__hover_enabled=\u00bbon|desktop\u00bb][et_pb_column type=\u00bb1_3&#8243; _builder_version=\u00bb4.18.1&#8243; _module_preset=\u00bbdefault\u00bb global_colors_info=\u00bb{}\u00bb][et_pb_cta title=\u00bbTransporte pesado\u00bb button_text=\u00bbClick Here\u00bb _builder_version=\u00bb4.18.1&#8243; _module_preset=\u00bbdefault\u00bb header_font=\u00bbTeko||||||||\u00bb header_font_size=\u00bb44px\u00bb background_color=\u00bb#666666&#8243; background_image=\u00bbhttps:\/\/cityllantashn.aapm.opalstacked.com\/wp-content\/uploads\/2026\/03\/camion.png\u00bb background_blend=\u00bboverlay\u00bb overflow-x=\u00bbhidden\u00bb overflow-y=\u00bbhidden\u00bb custom_padding=\u00bb200px||200px||false|false\u00bb overflow-x_tablet=\u00bbhidden\u00bb overflow-x_phone=\u00bbhidden\u00bb overflow-x_last_edited=\u00bbon|desktop\u00bb global_colors_info=\u00bb{}\u00bb transform_styles__hover_enabled=\u00bbon|hover\u00bb transform_scale__hover_enabled=\u00bbon|hover\u00bb transform_translate__hover_enabled=\u00bbon|desktop\u00bb transform_rotate__hover_enabled=\u00bbon|desktop\u00bb transform_skew__hover_enabled=\u00bbon|desktop\u00bb transform_origin__hover_enabled=\u00bbon|desktop\u00bb transform_scale__hover=\u00bb110%|110%\u00bb overflow-x__hover_enabled=\u00bbon|hover\u00bb overflow-y__hover_enabled=\u00bbon|hover\u00bb overflow-x__hover=\u00bbhidden\u00bb overflow-y__hover=\u00bbhidden\u00bb][\/et_pb_cta][\/et_pb_column][et_pb_column type=\u00bb1_3&#8243; _builder_version=\u00bb4.18.1&#8243; _module_preset=\u00bbdefault\u00bb global_colors_info=\u00bb{}\u00bb][et_pb_cta title=\u00bbTodo Terreno\u00bb button_text=\u00bbClick Here\u00bb _builder_version=\u00bb4.18.1&#8243; _module_preset=\u00bbdefault\u00bb header_font=\u00bbTeko||||||||\u00bb header_font_size=\u00bb44px\u00bb background_color=\u00bb#666666&#8243; background_image=\u00bbhttps:\/\/cityllantashn.aapm.opalstacked.com\/wp-content\/uploads\/2026\/02\/jeepCarretera-1K-JPEG.jpg\u00bb background_blend=\u00bboverlay\u00bb overflow-x=\u00bbhidden\u00bb overflow-y=\u00bbhidden\u00bb custom_padding=\u00bb200px||200px||false|false\u00bb global_colors_info=\u00bb{}\u00bb transform_styles__hover_enabled=\u00bbon|hover\u00bb transform_scale__hover_enabled=\u00bbon|hover\u00bb transform_translate__hover_enabled=\u00bbon|desktop\u00bb transform_rotate__hover_enabled=\u00bbon|desktop\u00bb transform_skew__hover_enabled=\u00bbon|desktop\u00bb transform_origin__hover_enabled=\u00bbon|desktop\u00bb transform_scale__hover=\u00bb110%|110%\u00bb overflow-x__hover_enabled=\u00bbon|hover\u00bb overflow-x__hover=\u00bbhidden\u00bb][\/et_pb_cta][\/et_pb_column][et_pb_column type=\u00bb1_3&#8243; _builder_version=\u00bb4.18.1&#8243; _module_preset=\u00bbdefault\u00bb global_colors_info=\u00bb{}\u00bb][et_pb_cta title=\u00bbVehiculo Liviano\u00bb button_text=\u00bbClick Here\u00bb _builder_version=\u00bb4.18.1&#8243; _module_preset=\u00bbdefault\u00bb header_font=\u00bbTeko||||||||\u00bb header_font_size=\u00bb44px\u00bb background_color=\u00bb#666666&#8243; background_image=\u00bbhttps:\/\/cityllantashn.aapm.opalstacked.com\/wp-content\/uploads\/2026\/03\/llantaMojada-1K-JPEG.jpg\u00bb background_blend=\u00bboverlay\u00bb overflow-x=\u00bbhidden\u00bb overflow-y=\u00bbhidden\u00bb custom_padding=\u00bb200px||200px||false|false\u00bb global_colors_info=\u00bb{}\u00bb transform_styles__hover_enabled=\u00bbon|hover\u00bb transform_scale__hover_enabled=\u00bbon|hover\u00bb transform_translate__hover_enabled=\u00bbon|desktop\u00bb transform_rotate__hover_enabled=\u00bbon|desktop\u00bb transform_skew__hover_enabled=\u00bbon|desktop\u00bb transform_origin__hover_enabled=\u00bbon|desktop\u00bb transform_scale__hover=\u00bb110%|110%\u00bb overflow-x__hover_enabled=\u00bbon|hover\u00bb overflow-x__hover=\u00bbhidden\u00bb][\/et_pb_cta][\/et_pb_column][\/et_pb_row][\/et_pb_section][et_pb_section fb_built=\u00bb1&#8243; prev_background_color=\u00bb#ffffff\u00bb _builder_version=\u00bb4.18.1&#8243; _module_preset=\u00bbdefault\u00bb background_color=\u00bb#17743b\u00bb min_height=\u00bb158.4px\u00bb top_divider_style=\u00bbwave2&#8243; global_colors_info=\u00bb{}\u00bb][et_pb_row _builder_version=\u00bb4.18.1&#8243; _module_preset=\u00bbdefault\u00bb global_colors_info=\u00bb{}\u00bb][et_pb_column type=\u00bb4_4&#8243; _builder_version=\u00bb4.18.1&#8243; _module_preset=\u00bbdefault\u00bb global_colors_info=\u00bb{}\u00bb][et_pb_text _builder_version=\u00bb4.18.1&#8243; _module_preset=\u00bbdefault\u00bb header_2_text_color=\u00bb#FFFFFF\u00bb animation_style=\u00bbfold\u00bb global_colors_info=\u00bb{}\u00bb]<\/p>\n<h2 style=\"text-align: center;\">CONOCE NUESTRA MARCA<\/h2>\n<p>[\/et_pb_text][\/et_pb_column][\/et_pb_row][\/et_pb_section][et_pb_section fb_built=\u00bb1&#8243; disabled_on=\u00bbon|on|off\u00bb _builder_version=\u00bb4.18.1&#8243; _module_preset=\u00bbdefault\u00bb background_color=\u00bb#474747&#8243; background_image=\u00bbhttps:\/\/cityllantashn.aapm.opalstacked.com\/wp-content\/uploads\/2026\/03\/bannerPlayaEnfocado-1K-JPEG.jpg\u00bb background_blend=\u00bboverlay\u00bb min_height=\u00bb491.9px\u00bb custom_padding=\u00bb200px||200px||false|false\u00bb hover_enabled=\u00bb0&#8243; global_colors_info=\u00bb{}\u00bb custom_margin=\u00bb-62px||||false|false\u00bb sticky_enabled=\u00bb0&#8243;][et_pb_row _builder_version=\u00bb4.18.1&#8243; _module_preset=\u00bbdefault\u00bb global_colors_info=\u00bb{}\u00bb][et_pb_column type=\u00bb4_4&#8243; _builder_version=\u00bb4.18.1&#8243; _module_preset=\u00bbdefault\u00bb global_colors_info=\u00bb{}\u00bb][et_pb_text _builder_version=\u00bb4.18.1&#8243; _module_preset=\u00bbdefault\u00bb text_text_color=\u00bb#FFFFFF\u00bb text_font_size=\u00bb30px\u00bb text_orientation=\u00bbcenter\u00bb animation_style=\u00bbslide\u00bb global_colors_info=\u00bb{}\u00bb]<\/p>\n<p>Detr\u00e1s de un viaje seguro vive la confianza silenciosa de una buena llanta<\/p>\n<p>[\/et_pb_text][et_pb_text admin_label=\u00bbText\u00bb _builder_version=\u00bb4.18.1&#8243; _module_preset=\u00bbdefault\u00bb text_text_color=\u00bb#FFFFFF\u00bb text_font_size=\u00bb30px\u00bb text_orientation=\u00bbcenter\u00bb animation_style=\u00bbbounce\u00bb global_colors_info=\u00bb{}\u00bb]<\/p>\n<p>Cuando la calidad rueda contigo, la seguridad deja de ser una preocupaci\u00f3n.<\/p>\n<p>[\/et_pb_text][\/et_pb_column][\/et_pb_row][et_pb_row column_structure=\u00bb1_3,1_3,1_3&#8243; admin_label=\u00bbfila superpuesta &#8211; para hacer animacion de texto\u00bb _builder_version=\u00bb4.18.1&#8243; _module_preset=\u00bbdefault\u00bb positioning=\u00bbabsolute\u00bb position_origin_a=\u00bbcenter_left\u00bb z_index=\u00bb10&#8243; width=\u00bb100%\u00bb max_width=\u00bb2560px\u00bb global_colors_info=\u00bb{}\u00bb][et_pb_column type=\u00bb1_3&#8243; _builder_version=\u00bb4.18.1&#8243; _module_preset=\u00bbdefault\u00bb global_colors_info=\u00bb{}\u00bb][et_pb_image src=\u00bbhttps:\/\/cityllantashn.aapm.opalstacked.com\/wp-content\/uploads\/2026\/02\/llanta3.png\u00bb title_text=\u00bbllanta3&#8243; src_tablet=\u00bbhttps:\/\/cityllantashn.aapm.opalstacked.com\/wp-content\/uploads\/2026\/02\/llanta3.png\u00bb src_phone=\u00bbhttps:\/\/cityllantashn.aapm.opalstacked.com\/wp-content\/uploads\/2026\/02\/llanta3.png\u00bb src_last_edited=\u00bbon|phone\u00bb admin_label=\u00bbllanta\u00bb _builder_version=\u00bb4.18.1&#8243; _module_preset=\u00bbdefault\u00bb positioning=\u00bbabsolute\u00bb width=\u00bb100%\u00bb scroll_vertical_motion=\u00bb0|20|61|100|-2|0|2&#8243; scroll_rotating_enable=\u00bbon\u00bb scroll_vertical_motion_tablet=\u00bb0|20|61|100|-2|0|2&#8243; scroll_vertical_motion_phone=\u00bb0|20|61|100|-2|0|2&#8243; scroll_vertical_motion_last_edited=\u00bbon|phone\u00bb global_colors_info=\u00bb{}\u00bb][\/et_pb_image][\/et_pb_column][et_pb_column type=\u00bb1_3&#8243; _builder_version=\u00bb4.18.1&#8243; _module_preset=\u00bbdefault\u00bb global_colors_info=\u00bb{}\u00bb][\/et_pb_column][et_pb_column type=\u00bb1_3&#8243; _builder_version=\u00bb4.18.1&#8243; _module_preset=\u00bbdefault\u00bb global_colors_info=\u00bb{}\u00bb][et_pb_image title_text=\u00bbgata-removebg\u00bb admin_label=\u00bbGata\u00bb _builder_version=\u00bb4.18.1&#8243; _module_preset=\u00bbdefault\u00bb positioning=\u00bbabsolute\u00bb width=\u00bb100%\u00bb global_colors_info=\u00bb{}\u00bb][\/et_pb_image][\/et_pb_column][\/et_pb_row][\/et_pb_section][et_pb_section fb_built=\u00bb1&#8243; _builder_version=\u00bb4.18.1&#8243; _module_preset=\u00bbdefault\u00bb custom_padding=\u00bb0px||0px||true|false\u00bb global_colors_info=\u00bb{}\u00bb][et_pb_row _builder_version=\u00bb4.18.1&#8243; _module_preset=\u00bbdefault\u00bb global_colors_info=\u00bb{}\u00bb][et_pb_column type=\u00bb4_4&#8243; _builder_version=\u00bb4.18.1&#8243; _module_preset=\u00bbdefault\u00bb global_colors_info=\u00bb{}\u00bb][et_pb_text _builder_version=\u00bb4.18.1&#8243; _module_preset=\u00bbdefault\u00bb animation_style=\u00bbfade\u00bb global_colors_info=\u00bb{}\u00bb]<\/p>\n<h2 style=\"text-align: center;\">Productos<\/h2>\n<p>[\/et_pb_text][\/et_pb_column][\/et_pb_row][\/et_pb_section][et_pb_section fb_built=\u00bb1&#8243; admin_label=\u00bbSecci\u00f3n\u00bb _builder_version=\u00bb4.18.1&#8243; _module_preset=\u00bbdefault\u00bb global_colors_info=\u00bb{}\u00bb][et_pb_row column_structure=\u00bb1_5,1_5,1_5,1_5,1_5&#8243; admin_label=\u00bbPRODUCTOS\u00bb _builder_version=\u00bb4.18.1&#8243; _module_preset=\u00bbdefault\u00bb width_tablet=\u00bb\u00bb width_phone=\u00bb46%\u00bb width_last_edited=\u00bbon|phone\u00bb custom_margin=\u00bb-90px||||false|false\u00bb custom_margin_tablet=\u00bb-90px||||false|false\u00bb custom_margin_phone=\u00bb-110px||||false|false\u00bb custom_margin_last_edited=\u00bbon|desktop\u00bb global_colors_info=\u00bb{}\u00bb][et_pb_column type=\u00bb1_5&#8243; _builder_version=\u00bb4.18.1&#8243; _module_preset=\u00bbdefault\u00bb global_colors_info=\u00bb{}\u00bb][et_pb_image src=\u00bbhttps:\/\/cityllantashn.aapm.opalstacked.com\/wp-content\/uploads\/2026\/02\/llanta3.png\u00bb title_text=\u00bbllanta3&#8243; _builder_version=\u00bb4.18.1&#8243; _module_preset=\u00bbdefault\u00bb transform_translate_linked__hover=\u00bboff\u00bb box_shadow_style=\u00bbpreset2&#8243; global_colors_info=\u00bb{}\u00bb transform_styles__hover_enabled=\u00bbon|hover\u00bb transform_scale__hover_enabled=\u00bbon|desktop\u00bb transform_translate__hover_enabled=\u00bbon|hover\u00bb transform_rotate__hover_enabled=\u00bbon|desktop\u00bb transform_skew__hover_enabled=\u00bbon|desktop\u00bb transform_origin__hover_enabled=\u00bbon|desktop\u00bb transform_translate__hover=\u00bb0px|10px\u00bb][\/et_pb_image][et_pb_text _builder_version=\u00bb4.18.1&#8243; _module_preset=\u00bbdefault\u00bb hover_enabled=\u00bb0&#8243; global_colors_info=\u00bb{}\u00bb sticky_enabled=\u00bb0&#8243;]<\/p>\n<h3 style=\"text-align: center;\"><span><strong class=\"Yjhzub\" jscontroller=\"zYmgkd\" jsuid=\"Dq3XGd_d\" data-sfc-cb=\"\">265\/60R18 <\/strong>Series<\/span><\/h3>\n<p>[\/et_pb_text][\/et_pb_column][et_pb_column type=\u00bb1_5&#8243; _builder_version=\u00bb4.18.1&#8243; _module_preset=\u00bbdefault\u00bb global_colors_info=\u00bb{}\u00bb][et_pb_image src=\u00bbhttps:\/\/cityllantashn.aapm.opalstacked.com\/wp-content\/uploads\/2026\/02\/llanta2.png\u00bb title_text=\u00bbllanta2&#8243; _builder_version=\u00bb4.18.1&#8243; _module_preset=\u00bbdefault\u00bb box_shadow_style=\u00bbpreset2&#8243; global_colors_info=\u00bb{}\u00bb transform_styles__hover_enabled=\u00bbon|hover\u00bb transform_scale__hover_enabled=\u00bbon|desktop\u00bb transform_translate__hover=\u00bb0px|10px\u00bb transform_translate__hover_enabled=\u00bbon|hover\u00bb transform_rotate__hover_enabled=\u00bbon|desktop\u00bb transform_skew__hover_enabled=\u00bbon|desktop\u00bb transform_origin__hover_enabled=\u00bbon|desktop\u00bb][\/et_pb_image][et_pb_text _builder_version=\u00bb4.18.1&#8243; _module_preset=\u00bbdefault\u00bb hover_enabled=\u00bb0&#8243; global_colors_info=\u00bb{}\u00bb sticky_enabled=\u00bb0&#8243;]<\/p>\n<h3><span><strong class=\"Yjhzub\" jscontroller=\"zYmgkd\" jsuid=\"Dq3XGd_b\" data-sfc-cb=\"\">205\/55R16<\/strong> Series<\/span><\/h3>\n<p>[\/et_pb_text][\/et_pb_column][et_pb_column type=\u00bb1_5&#8243; _builder_version=\u00bb4.18.1&#8243; _module_preset=\u00bbdefault\u00bb global_colors_info=\u00bb{}\u00bb][et_pb_image src=\u00bbhttps:\/\/cityllantashn.aapm.opalstacked.com\/wp-content\/uploads\/2026\/02\/llanta2.png\u00bb title_text=\u00bbllanta2&#8243; _builder_version=\u00bb4.18.1&#8243; _module_preset=\u00bbdefault\u00bb box_shadow_style=\u00bbpreset2&#8243; global_colors_info=\u00bb{}\u00bb transform_styles__hover_enabled=\u00bbon|hover\u00bb transform_scale__hover_enabled=\u00bbon|desktop\u00bb transform_translate__hover=\u00bb0px|10px\u00bb transform_translate__hover_enabled=\u00bbon|hover\u00bb transform_rotate__hover_enabled=\u00bbon|desktop\u00bb transform_skew__hover_enabled=\u00bbon|desktop\u00bb transform_origin__hover_enabled=\u00bbon|desktop\u00bb][\/et_pb_image][et_pb_text _builder_version=\u00bb4.18.1&#8243; _module_preset=\u00bbdefault\u00bb hover_enabled=\u00bb0&#8243; global_colors_info=\u00bb{}\u00bb sticky_enabled=\u00bb0&#8243;]<\/p>\n<h3><span><strong class=\"Yjhzub\" jscontroller=\"zYmgkd\" jsuid=\"Dq3XGd_c\" data-sfc-cb=\"\">265\/70R17<\/strong> <\/span><span>Series<\/span><\/h3>\n<p>[\/et_pb_text][\/et_pb_column][et_pb_column type=\u00bb1_5&#8243; _builder_version=\u00bb4.18.1&#8243; _module_preset=\u00bbdefault\u00bb global_colors_info=\u00bb{}\u00bb][et_pb_image src=\u00bbhttps:\/\/cityllantashn.aapm.opalstacked.com\/wp-content\/uploads\/2026\/02\/llanta2.png\u00bb title_text=\u00bbllanta2&#8243; _builder_version=\u00bb4.18.1&#8243; _module_preset=\u00bbdefault\u00bb box_shadow_style=\u00bbpreset2&#8243; global_colors_info=\u00bb{}\u00bb transform_styles__hover_enabled=\u00bbon|hover\u00bb transform_scale__hover_enabled=\u00bbon|desktop\u00bb transform_translate__hover=\u00bb0px|10px\u00bb transform_translate__hover_enabled=\u00bbon|hover\u00bb transform_rotate__hover_enabled=\u00bbon|desktop\u00bb transform_skew__hover_enabled=\u00bbon|desktop\u00bb transform_origin__hover_enabled=\u00bbon|desktop\u00bb][\/et_pb_image][et_pb_text _builder_version=\u00bb4.18.1&#8243; _module_preset=\u00bbdefault\u00bb hover_enabled=\u00bb0&#8243; global_colors_info=\u00bb{}\u00bb sticky_enabled=\u00bb0&#8243;]<\/p>\n<h3><span><strong class=\"Yjhzub\" jscontroller=\"zYmgkd\" jsuid=\"Dq3XGd_b\" data-sfc-cb=\"\">195\/65R15<\/strong> Series<\/span><\/h3>\n<p>[\/et_pb_text][\/et_pb_column][et_pb_column type=\u00bb1_5&#8243; _builder_version=\u00bb4.18.1&#8243; _module_preset=\u00bbdefault\u00bb global_colors_info=\u00bb{}\u00bb][et_pb_image src=\u00bbhttps:\/\/cityllantashn.aapm.opalstacked.com\/wp-content\/uploads\/2026\/02\/llanta1.png\u00bb title_text=\u00bbllanta1&#8243; _builder_version=\u00bb4.18.1&#8243; _module_preset=\u00bbdefault\u00bb box_shadow_style=\u00bbpreset2&#8243; global_colors_info=\u00bb{}\u00bb transform_styles__hover_enabled=\u00bbon|hover\u00bb transform_scale__hover_enabled=\u00bbon|desktop\u00bb transform_translate__hover=\u00bb0px|10px\u00bb transform_translate__hover_enabled=\u00bbon|hover\u00bb transform_rotate__hover_enabled=\u00bbon|desktop\u00bb transform_skew__hover_enabled=\u00bbon|desktop\u00bb transform_origin__hover_enabled=\u00bbon|desktop\u00bb][\/et_pb_image][et_pb_text _builder_version=\u00bb4.18.1&#8243; _module_preset=\u00bbdefault\u00bb hover_enabled=\u00bb0&#8243; global_colors_info=\u00bb{}\u00bb sticky_enabled=\u00bb0&#8243;]<\/p>\n<h3><span><strong class=\"Yjhzub\" jscontroller=\"zYmgkd\" jsuid=\"Dq3XGd_b\" data-sfc-cb=\"\">185\/65R14 <\/strong>Series<\/span><\/h3>\n<p>[\/et_pb_text][\/et_pb_column][\/et_pb_row][et_pb_row _builder_version=\u00bb4.18.1&#8243; _module_preset=\u00bbdefault\u00bb global_colors_info=\u00bb{}\u00bb][et_pb_column type=\u00bb4_4&#8243; _builder_version=\u00bb4.18.1&#8243; _module_preset=\u00bbdefault\u00bb global_colors_info=\u00bb{}\u00bb][et_pb_button button_url=\u00bbhttps:\/\/cityllantashn.com\/?page_id=174&#8243; button_text=\u00bbContactanos\u00bb button_alignment=\u00bbcenter\u00bb _builder_version=\u00bb4.18.1&#8243; _module_preset=\u00bbdefault\u00bb hover_enabled=\u00bb0&#8243; global_colors_info=\u00bb{}\u00bb sticky_enabled=\u00bb0&#8243;][\/et_pb_button][\/et_pb_column][\/et_pb_row][\/et_pb_section]<\/p>\n","protected":false},"excerpt":{"rendered":"<p>City Llantas &nbsp;PARA TODO LOS SECTORES Para el transporte pesado y de carga llantas fabricadas para soportar grandes pesos y recorridos extensos, ofreciendo resistencia, durabilidad y seguridad en operaciones continuas. Los conductores que recorren rutas exigentes pueden optar por llantas todo terreno y para SUV, dise\u00f1adas para brindar m\u00e1xima tracci\u00f3n, estabilidad y confort tanto en [&hellip;]<\/p>\n","protected":false},"author":1,"featured_media":0,"parent":0,"menu_order":0,"comment_status":"closed","ping_status":"closed","template":"","meta":{"_et_pb_use_builder":"on","_et_pb_old_content":"","_et_gb_content_width":"","footnotes":""},"class_list":["post-8","page","type-page","status-publish","hentry"],"_links":{"self":[{"href":"https:\/\/cityllantashn.com\/index.php?rest_route=\/wp\/v2\/pages\/8","targetHints":{"allow":["GET"]}}],"collection":[{"href":"https:\/\/cityllantashn.com\/index.php?rest_route=\/wp\/v2\/pages"}],"about":[{"href":"https:\/\/cityllantashn.com\/index.php?rest_route=\/wp\/v2\/types\/page"}],"author":[{"embeddable":true,"href":"https:\/\/cityllantashn.com\/index.php?rest_route=\/wp\/v2\/users\/1"}],"replies":[{"embeddable":true,"href":"https:\/\/cityllantashn.com\/index.php?rest_route=%2Fwp%2Fv2%2Fcomments&post=8"}],"version-history":[{"count":66,"href":"https:\/\/cityllantashn.com\/index.php?rest_route=\/wp\/v2\/pages\/8\/revisions"}],"predecessor-version":[{"id":326,"href":"https:\/\/cityllantashn.com\/index.php?rest_route=\/wp\/v2\/pages\/8\/revisions\/326"}],"wp:attachment":[{"href":"https:\/\/cityllantashn.com\/index.php?rest_route=%2Fwp%2Fv2%2Fmedia&parent=8"}],"curies":[{"name":"wp","href":"https:\/\/api.w.org\/{rel}","templated":true}]}}