{"id":80,"date":"2026-02-16T20:44:06","date_gmt":"2026-02-16T20:44:06","guid":{"rendered":"https:\/\/cityllantashn.aapm.opalstacked.com\/?page_id=80"},"modified":"2026-03-12T09:16:27","modified_gmt":"2026-03-12T15:16:27","slug":"quienes-somos","status":"publish","type":"page","link":"https:\/\/cityllantashn.com\/?page_id=80","title":{"rendered":"Qui\u00e9nes somos"},"content":{"rendered":"<p>[et_pb_section fb_built=\u00bb1&#8243; next_background_color=\u00bb#ffffff\u00bb _builder_version=\u00bb4.18.1&#8243; _module_preset=\u00bbdefault\u00bb background_color=\u00bb#474747&#8243; background_image=\u00bbhttps:\/\/cityllantashn.aapm.opalstacked.com\/wp-content\/uploads\/2026\/03\/banner-inferior.jpg\u00bb background_blend=\u00bboverlay\u00bb custom_padding=\u00bb||0px|||\u00bb bottom_divider_style=\u00bbcurve\u00bb global_colors_info=\u00bb{}\u00bb][et_pb_row _builder_version=\u00bb4.18.1&#8243; _module_preset=\u00bbdefault\u00bb width=\u00bb64.9%\u00bb global_colors_info=\u00bb{}\u00bb][et_pb_column type=\u00bb4_4&#8243; _builder_version=\u00bb4.18.1&#8243; _module_preset=\u00bbdefault\u00bb global_colors_info=\u00bb{}\u00bb][et_pb_text admin_label=\u00bbTexto\u00bb _builder_version=\u00bb4.18.1&#8243; _module_preset=\u00bbdefault\u00bb text_font=\u00bbTeko|300|||||||\u00bb text_text_color=\u00bb#F8F8F8&#8243; text_font_size=\u00bb24px\u00bb header_text_color=\u00bb#FFFFFF\u00bb custom_padding=\u00bb||30px||false|false\u00bb text_text_shadow_style=\u00bbpreset1&#8243; global_colors_info=\u00bb{}\u00bb]<\/p>\n<h1 style=\"text-align: center;\">QUI\u00c9NES SOMOS<\/h1>\n<p class=\"isSelectedEnd\" style=\"text-align: justify;\"><span>City Llantas Honduras<\/span><span> es una empresa especializada en la importaci\u00f3n y distribuci\u00f3n de llantas de alto desempe\u00f1o, orientada a ofrecer soluciones confiables y competitivas para el mercado hondure\u00f1o. Nuestra operaci\u00f3n se sustenta en est\u00e1ndares rigurosos de calidad, procesos log\u00edsticos eficientes y un compromiso con la satisfacci\u00f3n de nuestros clientes corporativos, a quienes acompa\u00f1amos como un aliado estrat\u00e9gico para el crecimiento de sus negocios.<\/span><\/p>\n<p class=\"isSelectedEnd\" style=\"text-align: justify;\"><span>Como importador directo de la marca <strong class=\"Yjhzub\" jscontroller=\"zYmgkd\" jsuid=\"j5uzjf_l\" data-sfc-cb=\"\">\u00a9<\/strong><\/span><span>EverGreen<\/span><span>, garantizamos una cadena de suministro s\u00f3lida y transparente que asegura productos aut\u00e9nticos, disponibilidad constante y condiciones comerciales favorables. Las llantas que distribuimos combinan durabilidad, seguridad y rendimiento superior, respondiendo a las exigencias del mercado y aportando valor real a las operaciones de nuestros clientes.<\/span><\/p>\n<p>[\/et_pb_text][\/et_pb_column][\/et_pb_row][\/et_pb_section][et_pb_section fb_built=\u00bb1&#8243; _builder_version=\u00bb4.18.1&#8243; _module_preset=\u00bbdefault\u00bb custom_margin=\u00bb||||false|false\u00bb custom_padding=\u00bb0px||0px||false|false\u00bb bottom_divider_color=\u00bb#17743b\u00bb global_colors_info=\u00bb{}\u00bb][et_pb_row column_structure=\u00bb1_2,1_2&#8243; _builder_version=\u00bb4.18.1&#8243; _module_preset=\u00bbdefault\u00bb global_colors_info=\u00bb{}\u00bb][et_pb_column type=\u00bb1_2&#8243; _builder_version=\u00bb4.18.1&#8243; _module_preset=\u00bbdefault\u00bb global_colors_info=\u00bb{}\u00bb][et_pb_image src=\u00bbhttps:\/\/cityllantashn.aapm.opalstacked.com\/wp-content\/uploads\/2026\/03\/TiendaLocal-1K-JPEG.jpg\u00bb title_text=\u00bbTiendaLocal &#8211; 1K JPEG\u00bb disabled_on=\u00bbon|on|off\u00bb _builder_version=\u00bb4.18.1&#8243; _module_preset=\u00bbdefault\u00bb min_height=\u00bb100px\u00bb min_height_tablet=\u00bb453.3px\u00bb min_height_phone=\u00bb453.3px\u00bb min_height_last_edited=\u00bbon|phone\u00bb custom_padding=\u00bb|0px||||\u00bb scroll_vertical_motion_enable=\u00bboff\u00bb scroll_vertical_motion=\u00bb0|32|32|100|-1|0|0&#8243; scroll_vertical_motion_tablet=\u00bb0|4|4|100|0|1|-2&#8243; scroll_vertical_motion_phone=\u00bb0|4|4|100|0|1|-2&#8243; scroll_vertical_motion_last_edited=\u00bbon|phone\u00bb global_colors_info=\u00bb{}\u00bb][\/et_pb_image][et_pb_image src=\u00bbhttps:\/\/cityllantashn.com\/wp-content\/uploads\/2026\/02\/BodehaPRI-1K-JPEG.jpg\u00bb title_text=\u00bbBodehaPRI &#8211; 1K JPEG\u00bb _builder_version=\u00bb4.18.1&#8243; _module_preset=\u00bbdefault\u00bb global_colors_info=\u00bb{}\u00bb][\/et_pb_image][\/et_pb_column][et_pb_column type=\u00bb1_2&#8243; _builder_version=\u00bb4.18.1&#8243; _module_preset=\u00bbdefault\u00bb global_colors_info=\u00bb{}\u00bb][et_pb_text _builder_version=\u00bb4.18.1&#8243; _module_preset=\u00bbdefault\u00bb text_font_size=\u00bb20px\u00bb text_line_height=\u00bb1.8em\u00bb min_height=\u00bb384.6px\u00bb custom_margin=\u00bb0px||||false|false\u00bb custom_margin_tablet=\u00bb0px||||false|false\u00bb custom_margin_phone=\u00bb100px||||false|false\u00bb custom_margin_last_edited=\u00bbon|desktop\u00bb global_colors_info=\u00bb{}\u00bb]<\/p>\n<h3 data-start=\"0\" data-end=\"301\" style=\"text-align: center;\">\u00bfQuieres emprender o\u00a0 hacer crecer tu negocio?<\/h3>\n<p data-start=\"0\" data-end=\"301\" style=\"text-align: justify;\">Entonces necesitas un aliado que no solo venda llantas, sino que impulse tu rentabilidad desde la base. <strong><span class=\"hover:entity-accent entity-underline inline cursor-pointer align-baseline\"><span class=\"whitespace-normal\">City Llantas Honduras<\/span><\/span><\/strong> entiende que cada decisi\u00f3n comercial debe traducirse en rotaci\u00f3n, margen y confianza del cliente final.<\/p>\n<p data-start=\"303\" data-end=\"648\" style=\"text-align: justify;\">Como importador directo de la marca <span>\u00a9<\/span><span class=\"hover:entity-accent entity-underline inline cursor-pointer align-baseline\"><span class=\"whitespace-normal\">EverGreen<\/span><\/span>, ofrecemos una ventaja competitiva clara: acceso a productos de alto est\u00e1ndar sin intermediarios innecesarios. Esto significa mejores condiciones comerciales, disponibilidad constante y respaldo real de f\u00e1brica, elementos clave para que tu negocio opere con seguridad y previsi\u00f3n.<\/p>\n<p>[\/et_pb_text][et_pb_button button_text=\u00bbContactanos\u00bb _builder_version=\u00bb4.18.1&#8243; _module_preset=\u00bbdefault\u00bb hover_enabled=\u00bb0&#8243; global_colors_info=\u00bb{}\u00bb button_url=\u00bbhttps:\/\/cityllantashn.com\/?page_id=174&#8243; sticky_enabled=\u00bb0&#8243;][\/et_pb_button][\/et_pb_column][\/et_pb_row][\/et_pb_section][et_pb_section fb_built=\u00bb1&#8243; next_background_color=\u00bb#ffffff\u00bb _builder_version=\u00bb4.18.1&#8243; _module_preset=\u00bbdefault\u00bb background_color=\u00bb#17743b\u00bb bottom_divider_style=\u00bbarrow2&#8243; global_colors_info=\u00bb{}\u00bb][et_pb_row _builder_version=\u00bb4.18.1&#8243; _module_preset=\u00bbdefault\u00bb width=\u00bb100%\u00bb max_width=\u00bb2560px\u00bb min_height=\u00bb54px\u00bb custom_margin=\u00bb|auto||auto|false|false\u00bb custom_padding=\u00bb0px||0px||true|false\u00bb global_colors_info=\u00bb{}\u00bb][et_pb_column type=\u00bb4_4&#8243; _builder_version=\u00bb4.18.1&#8243; _module_preset=\u00bbdefault\u00bb global_colors_info=\u00bb{}\u00bb][et_pb_text _builder_version=\u00bb4.18.1&#8243; _module_preset=\u00bbdefault\u00bb header_2_text_color=\u00bb#FFFFFF\u00bb text_orientation=\u00bbcenter\u00bb global_colors_info=\u00bb{}\u00bb]<\/p>\n<h2>DISTRIBUIDORES DE <span>\u00a9<\/span>EverGreen EN HONDURAS<\/h2>\n<p>[\/et_pb_text][\/et_pb_column][\/et_pb_row][\/et_pb_section][et_pb_section fb_built=\u00bb1&#8243; _builder_version=\u00bb4.18.1&#8243; _module_preset=\u00bbdefault\u00bb custom_padding=\u00bb0px||0px||false|false\u00bb locked=\u00bboff\u00bb global_colors_info=\u00bb{}\u00bb][et_pb_row column_structure=\u00bb1_3,1_3,1_3&#8243; use_custom_gutter=\u00bbon\u00bb gutter_width=\u00bb1&#8243; _builder_version=\u00bb4.18.1&#8243; _module_preset=\u00bbdefault\u00bb width=\u00bb100%\u00bb max_width=\u00bb2560px\u00bb custom_padding=\u00bb0px||0px||false|false\u00bb global_colors_info=\u00bb{}\u00bb transform_styles__hover_enabled=\u00bbon|hover\u00bb transform_scale__hover_enabled=\u00bbon|hover\u00bb transform_translate__hover_enabled=\u00bbon|desktop\u00bb transform_rotate__hover_enabled=\u00bbon|desktop\u00bb transform_skew__hover_enabled=\u00bbon|desktop\u00bb transform_origin__hover_enabled=\u00bbon|desktop\u00bb][et_pb_column type=\u00bb1_3&#8243; _builder_version=\u00bb4.18.1&#8243; _module_preset=\u00bbdefault\u00bb global_colors_info=\u00bb{}\u00bb][et_pb_cta button_text=\u00bbClick Here\u00bb _builder_version=\u00bb4.18.1&#8243; _module_preset=\u00bbdefault\u00bb header_font=\u00bbTeko||||||||\u00bb header_font_size=\u00bb44px\u00bb background_color=\u00bb#666666&#8243; background_image=\u00bbhttps:\/\/cityllantashn.com\/wp-content\/uploads\/2026\/03\/EVERGREEN-PCR.jpg\u00bb background_blend=\u00bboverlay\u00bb overflow-x=\u00bbhidden\u00bb overflow-y=\u00bbhidden\u00bb custom_padding=\u00bb200px||200px||false|false\u00bb overflow-x_tablet=\u00bbhidden\u00bb overflow-x_phone=\u00bbhidden\u00bb overflow-x_last_edited=\u00bbon|desktop\u00bb global_colors_info=\u00bb{}\u00bb transform_styles__hover_enabled=\u00bbon|hover\u00bb transform_scale__hover_enabled=\u00bbon|hover\u00bb transform_translate__hover_enabled=\u00bbon|desktop\u00bb transform_rotate__hover_enabled=\u00bbon|desktop\u00bb transform_skew__hover_enabled=\u00bbon|desktop\u00bb transform_origin__hover_enabled=\u00bbon|desktop\u00bb transform_scale__hover=\u00bb110%|110%\u00bb overflow-x__hover_enabled=\u00bbon|hover\u00bb overflow-y__hover_enabled=\u00bbon|hover\u00bb overflow-x__hover=\u00bbhidden\u00bb overflow-y__hover=\u00bbhidden\u00bb][\/et_pb_cta][\/et_pb_column][et_pb_column type=\u00bb1_3&#8243; _builder_version=\u00bb4.18.1&#8243; _module_preset=\u00bbdefault\u00bb global_colors_info=\u00bb{}\u00bb][et_pb_cta button_text=\u00bbClick Here\u00bb _builder_version=\u00bb4.18.1&#8243; _module_preset=\u00bbdefault\u00bb header_font=\u00bbTeko||||||||\u00bb header_font_size=\u00bb44px\u00bb background_color=\u00bb#666666&#8243; background_image=\u00bbhttps:\/\/cityllantashn.com\/wp-content\/uploads\/2026\/03\/EVERGREEN-PCR-POSTER-02.jpg\u00bb background_blend=\u00bboverlay\u00bb overflow-x=\u00bbhidden\u00bb overflow-y=\u00bbhidden\u00bb custom_padding=\u00bb200px||200px||false|false\u00bb global_colors_info=\u00bb{}\u00bb transform_styles__hover_enabled=\u00bbon|hover\u00bb transform_scale__hover_enabled=\u00bbon|hover\u00bb transform_translate__hover_enabled=\u00bbon|desktop\u00bb transform_rotate__hover_enabled=\u00bbon|desktop\u00bb transform_skew__hover_enabled=\u00bbon|desktop\u00bb transform_origin__hover_enabled=\u00bbon|desktop\u00bb transform_scale__hover=\u00bb110%|110%\u00bb overflow-x__hover_enabled=\u00bbon|hover\u00bb overflow-x__hover=\u00bbhidden\u00bb][\/et_pb_cta][\/et_pb_column][et_pb_column type=\u00bb1_3&#8243; _builder_version=\u00bb4.18.1&#8243; _module_preset=\u00bbdefault\u00bb global_colors_info=\u00bb{}\u00bb][et_pb_cta button_text=\u00bbClick Here\u00bb _builder_version=\u00bb4.18.1&#8243; _module_preset=\u00bbdefault\u00bb header_font=\u00bbTeko||||||||\u00bb header_font_size=\u00bb44px\u00bb background_color=\u00bb#666666&#8243; background_image=\u00bbhttps:\/\/cityllantashn.com\/wp-content\/uploads\/2026\/03\/7001638519649_.pic-1K-JPEG.jpg\u00bb background_blend=\u00bboverlay\u00bb overflow-x=\u00bbhidden\u00bb overflow-y=\u00bbhidden\u00bb custom_padding=\u00bb200px||200px||false|false\u00bb global_colors_info=\u00bb{}\u00bb transform_styles__hover_enabled=\u00bbon|hover\u00bb transform_scale__hover_enabled=\u00bbon|hover\u00bb transform_translate__hover_enabled=\u00bbon|desktop\u00bb transform_rotate__hover_enabled=\u00bbon|desktop\u00bb transform_skew__hover_enabled=\u00bbon|desktop\u00bb transform_origin__hover_enabled=\u00bbon|desktop\u00bb transform_scale__hover=\u00bb110%|110%\u00bb overflow-x__hover_enabled=\u00bbon|hover\u00bb overflow-x__hover=\u00bbhidden\u00bb][\/et_pb_cta][\/et_pb_column][\/et_pb_row][\/et_pb_section][et_pb_section fb_built=\u00bb1&#8243; next_background_color=\u00bb#ffffff\u00bb _builder_version=\u00bb4.18.1&#8243; _module_preset=\u00bbdefault\u00bb background_color=\u00bb#17743b\u00bb bottom_divider_style=\u00bbarrow2&#8243; locked=\u00bboff\u00bb global_colors_info=\u00bb{}\u00bb][et_pb_row _builder_version=\u00bb4.18.1&#8243; _module_preset=\u00bbdefault\u00bb width=\u00bb100%\u00bb max_width=\u00bb2560px\u00bb min_height=\u00bb54px\u00bb custom_margin=\u00bb|auto||auto|false|false\u00bb custom_padding=\u00bb0px||0px||true|false\u00bb global_colors_info=\u00bb{}\u00bb][et_pb_column type=\u00bb4_4&#8243; _builder_version=\u00bb4.18.1&#8243; _module_preset=\u00bbdefault\u00bb global_colors_info=\u00bb{}\u00bb][et_pb_text _builder_version=\u00bb4.18.1&#8243; _module_preset=\u00bbdefault\u00bb header_2_text_color=\u00bb#FFFFFF\u00bb text_orientation=\u00bbcenter\u00bb global_colors_info=\u00bb{}\u00bb]<\/p>\n<h2>OTRAS OPCIONES &#8211; LLANTAS USADAS<\/h2>\n<p>[\/et_pb_text][\/et_pb_column][\/et_pb_row][\/et_pb_section][et_pb_section fb_built=\u00bb1&#8243; _builder_version=\u00bb4.18.1&#8243; _module_preset=\u00bbdefault\u00bb custom_padding=\u00bb0px|||||\u00bb global_colors_info=\u00bb{}\u00bb][et_pb_row column_structure=\u00bb1_3,1_3,1_3&#8243; _builder_version=\u00bb4.18.1&#8243; _module_preset=\u00bbdefault\u00bb global_colors_info=\u00bb{}\u00bb][et_pb_column type=\u00bb1_3&#8243; _builder_version=\u00bb4.18.1&#8243; _module_preset=\u00bbdefault\u00bb global_colors_info=\u00bb{}\u00bb][et_pb_cta button_text=\u00bbClick Here\u00bb _builder_version=\u00bb4.18.1&#8243; _module_preset=\u00bbdefault\u00bb body_text_color=\u00bbRGBA(255,255,255,0)\u00bb background_color=\u00bbRGBA(255,255,255,0)\u00bb background_image=\u00bbhttps:\/\/cityllantashn.com\/wp-content\/uploads\/2026\/03\/granel.jpg\u00bb background_blend=\u00bboverlay\u00bb transform_scale_linked=\u00bboff\u00bb body_text_color_tablet=\u00bbRGBA(255,255,255,0)\u00bb body_text_color_phone=\u00bbRGBA(255,255,255,0)\u00bb body_text_color_last_edited=\u00bbon|desktop\u00bb global_colors_info=\u00bb{}\u00bb body_text_color__hover_enabled=\u00bbon|hover\u00bb body_text_color__hover=\u00bb#FFFFFF\u00bb background__hover_enabled=\u00bbon|desktop\u00bb background_color__hover=\u00bb#525252&#8243; background_enable_color__hover=\u00bbon\u00bb background_blend__hover=\u00bboverlay\u00bb transform_styles__hover_enabled=\u00bbon|hover\u00bb transform_scale__hover_enabled=\u00bbon|hover\u00bb transform_translate__hover_enabled=\u00bbon|desktop\u00bb transform_rotate__hover_enabled=\u00bbon|desktop\u00bb transform_skew__hover_enabled=\u00bbon|desktop\u00bb transform_origin__hover_enabled=\u00bbon|desktop\u00bb transform_scale__hover=\u00bb100%|110%\u00bb]<\/p>\n<h3 style=\"text-align: center;\">EXCELENTE<\/h3>\n<h3 style=\"text-align: center;\">RODAJE<\/h3>\n<p>&nbsp;<\/p>\n<p><strong><\/strong><\/p>\n<p><strong><\/strong><\/p>\n<p><strong><\/strong><\/p>\n<p>&nbsp;<\/p>\n<p>[\/et_pb_cta][\/et_pb_column][et_pb_column type=\u00bb1_3&#8243; _builder_version=\u00bb4.18.1&#8243; _module_preset=\u00bbdefault\u00bb global_colors_info=\u00bb{}\u00bb][et_pb_cta _builder_version=\u00bb4.18.1&#8243; _module_preset=\u00bbdefault\u00bb body_text_color=\u00bbRGBA(255,255,255,0)\u00bb background_color=\u00bbRGBA(255,255,255,0)\u00bb background_image=\u00bbhttps:\/\/cityllantashn.com\/wp-content\/uploads\/2026\/03\/banner-1024-px-1K-JPEG.jpg\u00bb background_blend=\u00bboverlay\u00bb transform_scale_linked=\u00bboff\u00bb body_text_color_tablet=\u00bbRGBA(255,255,255,0)\u00bb body_text_color_phone=\u00bbRGBA(255,255,255,0)\u00bb body_text_color_last_edited=\u00bbon|desktop\u00bb global_colors_info=\u00bb{}\u00bb body_text_color__hover_enabled=\u00bbon|hover\u00bb body_text_color__hover=\u00bb#FFFFFF\u00bb background__hover_enabled=\u00bbon|desktop\u00bb background_color__hover=\u00bb#525252&#8243; background_enable_color__hover=\u00bbon\u00bb background_blend__hover=\u00bboverlay\u00bb transform_styles__hover_enabled=\u00bbon|hover\u00bb transform_scale__hover_enabled=\u00bbon|hover\u00bb transform_translate__hover_enabled=\u00bbon|desktop\u00bb transform_rotate__hover_enabled=\u00bbon|desktop\u00bb transform_skew__hover_enabled=\u00bbon|desktop\u00bb transform_origin__hover_enabled=\u00bbon|desktop\u00bb transform_scale__hover=\u00bb100%|110%\u00bb]<\/p>\n<h3 style=\"text-align: center;\"><strong>VARIDAD DE <\/strong><\/h3>\n<h3 style=\"text-align: center;\"><strong>TAMA\u00d1OS<\/strong><\/h3>\n<p>\u00a0<strong><\/strong><\/p>\n<p><strong><\/strong><\/p>\n<p><strong><\/strong><\/p>\n<p><strong><\/strong><\/p>\n<p>&nbsp;<\/p>\n<p>[\/et_pb_cta][\/et_pb_column][et_pb_column type=\u00bb1_3&#8243; _builder_version=\u00bb4.18.1&#8243; _module_preset=\u00bbdefault\u00bb global_colors_info=\u00bb{}\u00bb][et_pb_cta button_text=\u00bbClick Here\u00bb _builder_version=\u00bb4.18.1&#8243; _module_preset=\u00bbdefault\u00bb body_text_color=\u00bbRGBA(255,255,255,0)\u00bb background_color=\u00bbRGBA(255,255,255,0)\u00bb background_image=\u00bbhttps:\/\/cityllantashn.com\/wp-content\/uploads\/2026\/03\/usada.png\u00bb background_blend=\u00bboverlay\u00bb transform_scale_linked=\u00bboff\u00bb body_text_color_tablet=\u00bbRGBA(255,255,255,0)\u00bb body_text_color_phone=\u00bbRGBA(255,255,255,0)\u00bb body_text_color_last_edited=\u00bbon|desktop\u00bb global_colors_info=\u00bb{}\u00bb body_text_color__hover_enabled=\u00bbon|hover\u00bb body_text_color__hover=\u00bb#FFFFFF\u00bb background__hover_enabled=\u00bbon|desktop\u00bb background_color__hover=\u00bb#525252&#8243; background_enable_color__hover=\u00bbon\u00bb background_blend__hover=\u00bboverlay\u00bb transform_styles__hover_enabled=\u00bbon|hover\u00bb transform_scale__hover_enabled=\u00bbon|hover\u00bb transform_translate__hover_enabled=\u00bbon|desktop\u00bb transform_rotate__hover_enabled=\u00bbon|desktop\u00bb transform_skew__hover_enabled=\u00bbon|desktop\u00bb transform_origin__hover_enabled=\u00bbon|desktop\u00bb transform_scale__hover=\u00bb100%|110%\u00bb]<\/p>\n<h3 style=\"text-align: center;\"><strong>DIFERENTES<\/strong><\/h3>\n<h3 style=\"text-align: center;\"><strong>MARCAS<\/strong><\/h3>\n<p>&nbsp;<\/p>\n<p>&nbsp;<\/p>\n<p>&nbsp;<\/p>\n<p>[\/et_pb_cta][\/et_pb_column][\/et_pb_row][\/et_pb_section][et_pb_section fb_built=\u00bb1&#8243; next_background_color=\u00bb#1F1F1F\u00bb _builder_version=\u00bb4.18.1&#8243; _module_preset=\u00bbdefault\u00bb background_color=\u00bb#17743b\u00bb custom_padding=\u00bb0px||0px||false|false\u00bb bottom_divider_style=\u00bbarrow2&#8243; hover_enabled=\u00bb0&#8243; locked=\u00bboff\u00bb global_colors_info=\u00bb{}\u00bb custom_margin=\u00bb0px||-33px||false|false\u00bb sticky_enabled=\u00bb0&#8243;][et_pb_row _builder_version=\u00bb4.18.1&#8243; _module_preset=\u00bbdefault\u00bb global_colors_info=\u00bb{}\u00bb][et_pb_column type=\u00bb4_4&#8243; _builder_version=\u00bb4.18.1&#8243; _module_preset=\u00bbdefault\u00bb global_colors_info=\u00bb{}\u00bb][\/et_pb_column][\/et_pb_row][\/et_pb_section]<\/p>\n","protected":false},"excerpt":{"rendered":"<p>QUI\u00c9NES SOMOS City Llantas Honduras es una empresa especializada en la importaci\u00f3n y distribuci\u00f3n de llantas de alto desempe\u00f1o, orientada a ofrecer soluciones confiables y competitivas para el mercado hondure\u00f1o. Nuestra operaci\u00f3n se sustenta en est\u00e1ndares rigurosos de calidad, procesos log\u00edsticos eficientes y un compromiso con la satisfacci\u00f3n de nuestros clientes corporativos, a quienes acompa\u00f1amos [&hellip;]<\/p>\n","protected":false},"author":1,"featured_media":0,"parent":0,"menu_order":0,"comment_status":"closed","ping_status":"closed","template":"","meta":{"_et_pb_use_builder":"on","_et_pb_old_content":"","_et_gb_content_width":"","footnotes":""},"class_list":["post-80","page","type-page","status-publish","hentry"],"_links":{"self":[{"href":"https:\/\/cityllantashn.com\/index.php?rest_route=\/wp\/v2\/pages\/80","targetHints":{"allow":["GET"]}}],"collection":[{"href":"https:\/\/cityllantashn.com\/index.php?rest_route=\/wp\/v2\/pages"}],"about":[{"href":"https:\/\/cityllantashn.com\/index.php?rest_route=\/wp\/v2\/types\/page"}],"author":[{"embeddable":true,"href":"https:\/\/cityllantashn.com\/index.php?rest_route=\/wp\/v2\/users\/1"}],"replies":[{"embeddable":true,"href":"https:\/\/cityllantashn.com\/index.php?rest_route=%2Fwp%2Fv2%2Fcomments&post=80"}],"version-history":[{"count":48,"href":"https:\/\/cityllantashn.com\/index.php?rest_route=\/wp\/v2\/pages\/80\/revisions"}],"predecessor-version":[{"id":329,"href":"https:\/\/cityllantashn.com\/index.php?rest_route=\/wp\/v2\/pages\/80\/revisions\/329"}],"wp:attachment":[{"href":"https:\/\/cityllantashn.com\/index.php?rest_route=%2Fwp%2Fv2%2Fmedia&parent=80"}],"curies":[{"name":"wp","href":"https:\/\/api.w.org\/{rel}","templated":true}]}}